{"id":600,"date":"2025-05-26T06:17:51","date_gmt":"2025-05-26T06:17:51","guid":{"rendered":"https:\/\/kpch.fi\/?page_id=600"},"modified":"2025-05-30T06:58:53","modified_gmt":"2025-05-30T06:58:53","slug":"tietosuojaseloste","status":"publish","type":"page","link":"https:\/\/kpch.fi\/index.php\/tietosuojaseloste\/","title":{"rendered":"Tietosuojaseloste"},"content":{"rendered":"\n<p>&nbsp;<\/p>\n\n\n\n<p>TIETOSUOJASELOSTE<\/p>\n\n\n\n<p>P\u00e4ivitetty: 20.5.2025<\/p>\n\n\n\n<p>Kittil\u00e4n PC-Help sitoutuu suojaamaan asiakkaidensa yksityisyytt\u00e4 ja k\u00e4sittelem\u00e4\u00e4n henkil\u00f6tietoja vastuullisesti. T\u00e4m\u00e4 tietosuojaseloste kertoo, miten k\u00e4sittelemme henkil\u00f6tietoja tarjotessamme IT-palveluja, kuten tietokonehuoltoja ja teknist\u00e4 tukea.<\/p>\n\n\n\n<p>&nbsp;<\/p>\n\n\n\n<p>&nbsp;<\/p>\n\n\n\n<p>1. Rekisterinpit\u00e4j\u00e4<\/p>\n\n\n\n<p>Kittil\u00e4n PC-Help<\/p>\n\n\n\n<p>Y-tunnus: 1740704-2<\/p>\n\n\n\n<p>Osoite: Koskenniementie 197 99150 Tepasto<\/p>\n\n\n\n<p>S\u00e4hk\u00f6posti: jorma.rantanen(at)pchelp.fi<\/p>\n\n\n\n<p>Puhelin: +358 400 615131<\/p>\n\n\n\n<p>&nbsp;<\/p>\n\n\n\n<p>&nbsp;<\/p>\n\n\n\n<p>2. Mit\u00e4 tietoja ker\u00e4\u00e4mme<\/p>\n\n\n\n<p>&#8211; Nimi ja yhteystiedot<\/p>\n\n\n\n<p>&#8211; Laskutustiedot<\/p>\n\n\n\n<p>&#8211; Laitetiedot (esim. sarjanumerot, vikakuvaukset)<\/p>\n\n\n\n<p>&#8211; Mahdolliset varmuuskopiot tai j\u00e4rjestelm\u00e4lokit<\/p>\n\n\n\n<p>&#8211; Verkkosivun k\u00e4ytt\u00f6\u00f6n liittyv\u00e4t tiedot (ev\u00e4steet)<\/p>\n\n\n\n<p>&nbsp;<\/p>\n\n\n\n<p>&nbsp;<\/p>\n\n\n\n<p>3. Mihin tarkoituksiin k\u00e4yt\u00e4mme tietoja<\/p>\n\n\n\n<p>&#8211; IT-palvelujen ja huoltojen toteuttamiseen<\/p>\n\n\n\n<p>&#8211; Asiakaspalveluun ja tekniseen tukeen<\/p>\n\n\n\n<p>&#8211; Laskutukseen ja kirjanpitoon<\/p>\n\n\n\n<p>&#8211; Palvelun kehitt\u00e4miseen<\/p>\n\n\n\n<p>&#8211; Lakis\u00e4\u00e4teisten velvoitteiden t\u00e4ytt\u00e4miseen<\/p>\n\n\n\n<p>&nbsp;<\/p>\n\n\n\n<p>&nbsp;<\/p>\n\n\n\n<p>4. Tietojen s\u00e4ilytys<\/p>\n\n\n\n<p>S\u00e4ilyt\u00e4mme tietoja vain niin kauan kuin se on tarpeen. Kirjanpitotiedot s\u00e4ilytet\u00e4\u00e4n lain edellytt\u00e4m\u00e4n ajan.<\/p>\n\n\n\n<p>&nbsp;<\/p>\n\n\n\n<p>&nbsp;<\/p>\n\n\n\n<p>5. Tietojen luovutus<\/p>\n\n\n\n<p>Emme luovuta tietoja ilman suostumusta, ellei laki edellyt\u00e4. Luotetut alihankkijat voivat k\u00e4sitell\u00e4 tietoja puolestamme.<\/p>\n\n\n\n<p>&nbsp;<\/p>\n\n\n\n<p>&nbsp;<\/p>\n\n\n\n<p>6. Ev\u00e4steet ja verkkosivun seuranta<\/p>\n\n\n\n<p>K\u00e4yt\u00e4mme ev\u00e4steit\u00e4 parantaaksemme verkkosivustomme k\u00e4ytett\u00e4vyytt\u00e4. Voit est\u00e4\u00e4 ev\u00e4steet selaimesi asetuksista.<\/p>\n\n\n\n<p>&nbsp;<\/p>\n\n\n\n<p>&nbsp;<\/p>\n\n\n\n<p>7. Oikeutesi<\/p>\n\n\n\n<p>&#8211; Tarkastaa ja oikaista tietosi<\/p>\n\n\n\n<p>&#8211; Pyyt\u00e4\u00e4 tietojen poistamista tai siirt\u00e4mist\u00e4<\/p>\n\n\n\n<p>&#8211; Vastustaa tietojesi k\u00e4sittely\u00e4<\/p>\n\n\n\n<p>&#8211; Tehd\u00e4 valitus Tietosuojavaltuutetulle<\/p>\n\n\n\n<p>&nbsp;<\/p>\n\n\n\n<p>&nbsp;<\/p>\n\n\n\n<p>8. Yhteystiedot<\/p>\n\n\n\n<p>S\u00e4hk\u00f6posti: jorma.rantanen(at)pchelp.fi<\/p>\n\n\n\n<p>Puhelin: +358 400 615131<\/p>\n\n\n\n<div data-wp-interactive=\"core\/file\" class=\"wp-block-file\"><object data-wp-bind--hidden=\"!state.hasPdfPreview\" hidden class=\"wp-block-file__embed\" data=\"https:\/\/kpch.fi\/wp-content\/uploads\/2025\/05\/Tietosuojaseloste.pdf\" type=\"application\/pdf\" style=\"width:100%;height:600px\" aria-label=\"Tiedoston Tietosuojaseloste upotus.\"><\/object><a id=\"wp-block-file--media-a72e6306-eed0-44e5-b37c-e81385fbe378\" href=\"https:\/\/kpch.fi\/wp-content\/uploads\/2025\/05\/Tietosuojaseloste.pdf\">Tietosuojaseloste<\/a><a href=\"https:\/\/kpch.fi\/wp-content\/uploads\/2025\/05\/Tietosuojaseloste.pdf\" class=\"wp-block-file__button wp-element-button\" download aria-describedby=\"wp-block-file--media-a72e6306-eed0-44e5-b37c-e81385fbe378\">Lataa<\/a><\/div>\n","protected":false},"excerpt":{"rendered":"<p>&nbsp; TIETOSUOJASELOSTE P\u00e4ivitetty: 20.5.2025 Kittil\u00e4n PC-Help sitoutuu suojaamaan asiakkaidensa yksityisyytt\u00e4 ja k\u00e4sittelem\u00e4\u00e4n henkil\u00f6tietoja vastuullisesti. T\u00e4m\u00e4 tietosuojaseloste kertoo, miten k\u00e4sittelemme henkil\u00f6tietoja tarjotessamme IT-palveluja, kuten tietokonehuoltoja ja teknist\u00e4 tukea. &nbsp; &nbsp; 1. Rekisterinpit\u00e4j\u00e4 Kittil\u00e4n PC-Help Y-tunnus: 1740704-2 Osoite: Koskenniementie 197 99150 Tepasto S\u00e4hk\u00f6posti: jorma.rantanen(at)pchelp.fi Puhelin: +358 400 615131 &nbsp; &nbsp; 2. Mit\u00e4 tietoja ker\u00e4\u00e4mme &#8211; Nimi ja [&hellip;]<\/p>\n","protected":false},"author":1,"featured_media":0,"parent":0,"menu_order":0,"comment_status":"closed","ping_status":"closed","template":"","meta":{"footnotes":""},"class_list":["post-600","page","type-page","status-publish","hentry"],"blocksy_meta":[],"_links":{"self":[{"href":"https:\/\/kpch.fi\/index.php\/wp-json\/wp\/v2\/pages\/600","targetHints":{"allow":["GET"]}}],"collection":[{"href":"https:\/\/kpch.fi\/index.php\/wp-json\/wp\/v2\/pages"}],"about":[{"href":"https:\/\/kpch.fi\/index.php\/wp-json\/wp\/v2\/types\/page"}],"author":[{"embeddable":true,"href":"https:\/\/kpch.fi\/index.php\/wp-json\/wp\/v2\/users\/1"}],"replies":[{"embeddable":true,"href":"https:\/\/kpch.fi\/index.php\/wp-json\/wp\/v2\/comments?post=600"}],"version-history":[{"count":13,"href":"https:\/\/kpch.fi\/index.php\/wp-json\/wp\/v2\/pages\/600\/revisions"}],"predecessor-version":[{"id":671,"href":"https:\/\/kpch.fi\/index.php\/wp-json\/wp\/v2\/pages\/600\/revisions\/671"}],"wp:attachment":[{"href":"https:\/\/kpch.fi\/index.php\/wp-json\/wp\/v2\/media?parent=600"}],"curies":[{"name":"wp","href":"https:\/\/api.w.org\/{rel}","templated":true}]}}